{"id":5,"date":"2021-02-06T07:18:15","date_gmt":"2021-02-06T07:18:15","guid":{"rendered":"https:\/\/transnationalexpresselpaso.com\/?page_id=5"},"modified":"2024-07-17T16:29:01","modified_gmt":"2024-07-17T16:29:01","slug":"home","status":"publish","type":"page","link":"https:\/\/transnationalexpresselpaso.com\/es\/","title":{"rendered":"INICIO"},"content":{"rendered":"<div data-elementor-type=\"wp-page\" data-elementor-id=\"5\" class=\"elementor elementor-5\" data-elementor-settings=\"[]\">\n\t\t\t\t\t\t\t<div class=\"elementor-section-wrap\">\n\t\t\t\t\t\t\t<section class=\"elementor-section elementor-top-section elementor-element elementor-element-9ac36bc elementor-section-full_width elementor-section-height-min-height elementor-section-items-stretch elementor-section-content-top elementor-hidden-phone elementor-section-height-default\" data-id=\"9ac36bc\" data-element_type=\"section\" data-settings=\"{&quot;background_background&quot;:&quot;video&quot;,&quot;background_video_link&quot;:&quot;https:\\\/\\\/mytripslog.com\\\/trans-national\\\/home-vid.mp4&quot;,&quot;background_play_on_mobile&quot;:&quot;yes&quot;}\">\n\t\t\t\t\t\t\t\t<div class=\"elementor-background-video-container\">\n\t\t\t\t\t\t\t\t\t\t\t\t\t<video class=\"elementor-background-video-hosted elementor-html5-video\" autoplay muted playsinline loop><\/video>\n\t\t\t\t\t\t\t\t\t\t\t<\/div>\n\t\t\t\t\t\t\t\t<div class=\"elementor-container elementor-column-gap-no\">\n\t\t\t\t\t<div class=\"elementor-column elementor-col-100 elementor-top-column elementor-element elementor-element-7863888\" data-id=\"7863888\" data-element_type=\"column\" data-settings=\"{&quot;background_background&quot;:&quot;classic&quot;}\">\n\t\t\t<div class=\"elementor-widget-wrap\">\n\t\t\t\t\t\t\t\t\t<\/div>\n\t\t<\/div>\n\t\t\t\t\t\t\t<\/div>\n\t\t<\/section>\n\t\t\t\t<section class=\"elementor-section elementor-top-section elementor-element elementor-element-a3b3b78 elementor-section-full_width elementor-section-height-min-height elementor-section-items-stretch elementor-section-content-top elementor-hidden-desktop elementor-hidden-tablet elementor-section-height-default\" data-id=\"a3b3b78\" data-element_type=\"section\" data-settings=\"{&quot;background_background&quot;:&quot;video&quot;}\">\n\t\t\t\t\t\t<div class=\"elementor-container elementor-column-gap-no\">\n\t\t\t\t\t<div class=\"elementor-column elementor-col-100 elementor-top-column elementor-element elementor-element-4c48595\" data-id=\"4c48595\" data-element_type=\"column\">\n\t\t\t<div class=\"elementor-widget-wrap\">\n\t\t\t\t\t\t\t\t\t<\/div>\n\t\t<\/div>\n\t\t\t\t\t\t\t<\/div>\n\t\t<\/section>\n\t\t\t\t<section class=\"elementor-section elementor-top-section elementor-element elementor-element-8117da7 elementor-section-boxed elementor-section-height-default elementor-section-height-default\" data-id=\"8117da7\" data-element_type=\"section\" data-settings=\"{&quot;background_background&quot;:&quot;classic&quot;}\">\n\t\t\t\t\t\t<div class=\"elementor-container elementor-column-gap-default\">\n\t\t\t\t\t<div class=\"elementor-column elementor-col-100 elementor-top-column elementor-element elementor-element-ec51738\" data-id=\"ec51738\" data-element_type=\"column\">\n\t\t\t<div class=\"elementor-widget-wrap elementor-element-populated\">\n\t\t\t\t\t\t\t\t<div class=\"elementor-element elementor-element-7805737 what-we-do elementor-widget elementor-widget-text-editor\" data-id=\"7805737\" data-element_type=\"widget\" data-widget_type=\"text-editor.default\">\n\t\t\t\t<div class=\"elementor-widget-container\">\n\t\t\t\t\t<div class=\"elementor-text-editor elementor-clearfix\"><header class=\"tsI_hds font_md\"><h2>QU\u00c9 HACEMOS<\/h2><p>Formulamos la operaci\u00f3n confiable perfecta de CARGA COMPLETA DE CAMIONES, con nuestras oficinas centrales en El Paso, TX y bases en Laredo, TX, San Diego, CA y Nashville TN.<\/p><p>Nos especializamos en <a href=\"https:\/\/transnationalexpresselpaso.com\/es\/services\/\">log\u00edstica transfronteriza y gesti\u00f3n de carga,<\/a> al mismo tiempo brindamos un servicio puerta a puerta sin interrupciones desde y hacia M\u00e9xico.<\/p><p>Para todas sus necesidades de transporte en los Estados Unidos o M\u00e9xico, Trans-National Express es su proveedor orientado a soluciones<\/p><\/header><\/div>\n\t\t\t\t<\/div>\n\t\t\t\t<\/div>\n\t\t\t\t\t<\/div>\n\t\t<\/div>\n\t\t\t\t\t\t\t<\/div>\n\t\t<\/section>\n\t\t\t\t<section class=\"elementor-section elementor-top-section elementor-element elementor-element-db1ee70 elementor-section-full_width elementor-section-height-min-height elementor-section-height-default elementor-section-items-middle\" data-id=\"db1ee70\" data-element_type=\"section\" data-settings=\"{&quot;background_background&quot;:&quot;classic&quot;}\">\n\t\t\t\t\t\t<div class=\"elementor-container elementor-column-gap-default\">\n\t\t\t\t\t<div class=\"elementor-column elementor-col-50 elementor-top-column elementor-element elementor-element-40c8731\" data-id=\"40c8731\" data-element_type=\"column\" data-settings=\"{&quot;background_background&quot;:&quot;classic&quot;}\">\n\t\t\t<div class=\"elementor-widget-wrap elementor-element-populated\">\n\t\t\t\t\t\t\t\t<div class=\"elementor-element elementor-element-3806a55 elementor-widget elementor-widget-text-editor\" data-id=\"3806a55\" data-element_type=\"widget\" data-widget_type=\"text-editor.default\">\n\t\t\t\t<div class=\"elementor-widget-container\">\n\t\t\t\t\t<div class=\"elementor-text-editor elementor-clearfix\"><h2 style=\"color: #fff;\">FORTALEZAS<\/h2><p>Entendemos que el transporte y la log\u00edstica son parte integral de cualquier negocio, por eso garantizamos un excelente servicio al cliente, entrega a tiempo y eficiencia. Podemos garantizar una subcontrataci\u00f3n de primer nivel y una log\u00edstica transfronteriza dentro y entre los Estados Unidos y M\u00e9xico.<\/p><p>Durante m\u00e1s de diez a\u00f1os, hemos invertido anualmente en camiones y remolques de \u00faltima generaci\u00f3n y el software m\u00e1s moderno. Nunca mantenemos la misma flota por m\u00e1s de 3 a\u00f1os para garantizarle tranquilidad con su carga.<\/p><\/div>\n\t\t\t\t<\/div>\n\t\t\t\t<\/div>\n\t\t\t\t\t<\/div>\n\t\t<\/div>\n\t\t\t\t<div class=\"elementor-column elementor-col-50 elementor-top-column elementor-element elementor-element-67f7523\" data-id=\"67f7523\" data-element_type=\"column\">\n\t\t\t<div class=\"elementor-widget-wrap\">\n\t\t\t\t\t\t\t\t\t<\/div>\n\t\t<\/div>\n\t\t\t\t\t\t\t<\/div>\n\t\t<\/section>\n\t\t\t\t<section class=\"elementor-section elementor-top-section elementor-element elementor-element-cd42ab2 elementor-section-full_width elementor-section-height-default elementor-section-height-default\" data-id=\"cd42ab2\" data-element_type=\"section\" data-settings=\"{&quot;background_background&quot;:&quot;classic&quot;}\">\n\t\t\t\t\t\t<div class=\"elementor-container elementor-column-gap-default\">\n\t\t\t\t\t<div class=\"elementor-column elementor-col-50 elementor-top-column elementor-element elementor-element-868dc42\" data-id=\"868dc42\" data-element_type=\"column\" data-settings=\"{&quot;background_background&quot;:&quot;classic&quot;}\">\n\t\t\t<div class=\"elementor-widget-wrap elementor-element-populated\">\n\t\t\t\t\t\t\t\t<div class=\"elementor-element elementor-element-6bf24c1 elementor-widget elementor-widget-image\" data-id=\"6bf24c1\" data-element_type=\"widget\" data-widget_type=\"image.default\">\n\t\t\t\t<div class=\"elementor-widget-container\">\n\t\t\t\t\t<div class=\"elementor-image\">\n\t\t\t\t\t\t\t\t\t\t<img width=\"1024\" height=\"506\" src=\"https:\/\/transnationalexpresselpaso.com\/wp-content\/uploads\/2021\/03\/usamap-1-1024x506.png\" class=\"attachment-large size-large\" alt=\"\" loading=\"lazy\" srcset=\"https:\/\/transnationalexpresselpaso.com\/wp-content\/uploads\/2021\/03\/usamap-1-1024x506.png 1024w, https:\/\/transnationalexpresselpaso.com\/wp-content\/uploads\/2021\/03\/usamap-1-300x148.png 300w, https:\/\/transnationalexpresselpaso.com\/wp-content\/uploads\/2021\/03\/usamap-1-768x379.png 768w, https:\/\/transnationalexpresselpaso.com\/wp-content\/uploads\/2021\/03\/usamap-1-1536x758.png 1536w, https:\/\/transnationalexpresselpaso.com\/wp-content\/uploads\/2021\/03\/usamap-1-2048x1011.png 2048w\" sizes=\"(max-width: 1024px) 100vw, 1024px\" \/>\t\t\t\t\t\t\t\t\t\t\t<\/div>\n\t\t\t\t<\/div>\n\t\t\t\t<\/div>\n\t\t\t\t\t<\/div>\n\t\t<\/div>\n\t\t\t\t<div class=\"elementor-column elementor-col-50 elementor-top-column elementor-element elementor-element-612eae5\" data-id=\"612eae5\" data-element_type=\"column\">\n\t\t\t<div class=\"elementor-widget-wrap elementor-element-populated\">\n\t\t\t\t\t\t\t\t<div class=\"elementor-element elementor-element-dc7637c elementor-widget elementor-widget-text-editor\" data-id=\"dc7637c\" data-element_type=\"widget\" data-widget_type=\"text-editor.default\">\n\t\t\t\t<div class=\"elementor-widget-container\">\n\t\t\t\t\t<div class=\"elementor-text-editor elementor-clearfix\"><h2 style=\"color:#fff;\">DONDE ESTAMOS<\/h2>\nFormulamos la operaci\u00f3n confiable perfecta de carga completa de camiones, con nuestras oficinas centrales en El Paso, Texas, y bases en Laredo, Texas; San Diego, California y Nashville, Tennessee.<\/div>\n\t\t\t\t<\/div>\n\t\t\t\t<\/div>\n\t\t\t\t<div class=\"elementor-element elementor-element-105ec25 elementor-align-center elementor-widget elementor-widget-button\" data-id=\"105ec25\" data-element_type=\"widget\" data-widget_type=\"button.default\">\n\t\t\t\t<div class=\"elementor-widget-container\">\n\t\t\t\t\t<div class=\"elementor-button-wrapper\">\n\t\t\t<a href=\"https:\/\/transnationalexpresselpaso.com\/es\/contact-us\/\" target=\"_blank\" class=\"elementor-button-link elementor-button elementor-size-sm\" role=\"button\">\n\t\t\t\t\t\t<span class=\"elementor-button-content-wrapper\">\n\t\t\t\t\t\t<span class=\"elementor-button-text\">CONTACTENOS AHORA<\/span>\n\t\t<\/span>\n\t\t\t\t\t<\/a>\n\t\t<\/div>\n\t\t\t\t<\/div>\n\t\t\t\t<\/div>\n\t\t\t\t\t<\/div>\n\t\t<\/div>\n\t\t\t\t\t\t\t<\/div>\n\t\t<\/section>\n\t\t\t\t<section class=\"elementor-section elementor-top-section elementor-element elementor-element-65a84a3b elementor-section-full_width footer-black elementor-section-height-default elementor-section-height-default\" data-id=\"65a84a3b\" data-element_type=\"section\" data-settings=\"{&quot;background_background&quot;:&quot;classic&quot;}\">\n\t\t\t\t\t\t<div class=\"elementor-container elementor-column-gap-default\">\n\t\t\t\t\t<div class=\"elementor-column elementor-col-33 elementor-top-column elementor-element elementor-element-2f5959ac\" data-id=\"2f5959ac\" data-element_type=\"column\">\n\t\t\t<div class=\"elementor-widget-wrap elementor-element-populated\">\n\t\t\t\t\t\t\t\t<div class=\"elementor-element elementor-element-57e715a6 elementor-widget elementor-widget-wp-widget-nav_menu\" data-id=\"57e715a6\" data-element_type=\"widget\" data-widget_type=\"wp-widget-nav_menu.default\">\n\t\t\t\t<div class=\"elementor-widget-container\">\n\t\t\t<nav class=\"menu-top-head-menu-container\" aria-label=\"Men\u00fa\"><ul id=\"menu-top-head-menu\" class=\"menu\"><li id=\"menu-item-97\" class=\"menu-item menu-item-type-post_type menu-item-object-page menu-item-home menu-item-97\"><a href=\"https:\/\/transnationalexpresselpaso.com\/es\/\" class=\"menu-link\">INICIO<\/a><\/li>\n<li id=\"menu-item-98\" class=\"menu-item menu-item-type-post_type menu-item-object-page menu-item-98\"><a href=\"https:\/\/transnationalexpresselpaso.com\/es\/about-us\/\" class=\"menu-link\">NOSOTROS<\/a><\/li>\n<li id=\"menu-item-103\" class=\"menu-item menu-item-type-post_type menu-item-object-page menu-item-103\"><a href=\"https:\/\/transnationalexpresselpaso.com\/es\/services\/\" class=\"menu-link\">SERVICIOS<\/a><\/li>\n<li id=\"menu-item-1122\" class=\"menu-item menu-item-type-custom menu-item-object-custom menu-item-1122\"><a href=\"https:\/\/tnue.loadtracking.com\/login\" class=\"menu-link\">PLATAFORMA<\/a><\/li>\n<li id=\"menu-item-1322\" class=\"menu-item menu-item-type-post_type menu-item-object-page menu-item-1322\"><a href=\"https:\/\/transnationalexpresselpaso.com\/es\/recruitment-tne\/\" class=\"menu-link\">CONTRATACI\u00d3N<\/a><\/li>\n<li id=\"menu-item-100\" class=\"menu-item menu-item-type-post_type menu-item-object-page menu-item-100\"><a href=\"https:\/\/transnationalexpresselpaso.com\/es\/contact-us\/\" class=\"menu-link\">CONTACTO<\/a><\/li>\n<li id=\"menu-item-1133\" class=\"trp-language-switcher-container menu-item menu-item-type-post_type menu-item-object-language_switcher menu-item-1133\"><a href=\"https:\/\/transnationalexpresselpaso.com\/wp-json\/wp\/v2\/pages\/5\/\" class=\"menu-link\"><span data-no-translation><img loading=\"lazy\" class=\"trp-flag-image\" src=\"https:\/\/transnationalexpresselpaso.com\/wp-content\/plugins\/translatepress-multilingual\/assets\/images\/flags\/en_US.png\" width=\"18\" height=\"12\" alt=\"en_US\" title=\"English\"><span class=\"trp-ls-language-name\">EN<\/span><\/span><\/a><\/li>\n<li id=\"menu-item-1132\" class=\"trp-language-switcher-container menu-item menu-item-type-post_type menu-item-object-language_switcher menu-item-1132\"><a href=\"https:\/\/transnationalexpresselpaso.com\/es\/wp-json\/wp\/v2\/pages\/5\" class=\"menu-link\"><span data-no-translation><img loading=\"lazy\" class=\"trp-flag-image\" src=\"https:\/\/transnationalexpresselpaso.com\/wp-content\/plugins\/translatepress-multilingual\/assets\/images\/flags\/es_MX.png\" width=\"18\" height=\"12\" alt=\"es_MX\" title=\"Spanish\"><span class=\"trp-ls-language-name\">ES<\/span><\/span><\/a><\/li>\n<\/ul><\/nav>\t\t<\/div>\n\t\t\t\t<\/div>\n\t\t\t\t\t<\/div>\n\t\t<\/div>\n\t\t\t\t<div class=\"elementor-column elementor-col-33 elementor-top-column elementor-element elementor-element-11c5cb2d\" data-id=\"11c5cb2d\" data-element_type=\"column\">\n\t\t\t<div class=\"elementor-widget-wrap elementor-element-populated\">\n\t\t\t\t\t\t\t\t<div class=\"elementor-element elementor-element-355e67d elementor-widget elementor-widget-text-editor\" data-id=\"355e67d\" data-element_type=\"widget\" data-widget_type=\"text-editor.default\">\n\t\t\t\t<div class=\"elementor-widget-container\">\n\t\t\t\t\t<div class=\"elementor-text-editor elementor-clearfix\"><img loading=\"lazy\" class=\"alignnone wp-image-348\" src=\"https:\/\/transnationalexpresselpaso.com\/wp-content\/uploads\/2021\/02\/logo-trans-300x285.png\" alt=\"\" width=\"82\" height=\"82\" \/>\n<p>12250 Windermere Avenue<br>\nEl Paso, TX 79928\n(915) 595-2955<\/p><\/div>\n\t\t\t\t<\/div>\n\t\t\t\t<\/div>\n\t\t\t\t\t<\/div>\n\t\t<\/div>\n\t\t\t\t<div class=\"elementor-column elementor-col-33 elementor-top-column elementor-element elementor-element-32df01af\" data-id=\"32df01af\" data-element_type=\"column\">\n\t\t\t<div class=\"elementor-widget-wrap elementor-element-populated\">\n\t\t\t\t\t\t\t\t<div class=\"elementor-element elementor-element-5ac21460 elementor-widget elementor-widget-text-editor\" data-id=\"5ac21460\" data-element_type=\"widget\" data-widget_type=\"text-editor.default\">\n\t\t\t\t<div class=\"elementor-widget-container\">\n\t\t\t\t\t<div class=\"elementor-text-editor elementor-clearfix\"><p><a href=\"https:\/\/www.google.com\/search?q=Trans-National+Express+el+paso&amp;oq=Trans-National+Express+el+paso&amp;aqs=chrome..69i57j0l2j69i60l3.1184j0j4&amp;sourceid=chrome&amp;ie=UTF-8#lrd=0x86e743696aadd247:0x6f0e845ebf7a046e,3\"><img loading=\"lazy\" class=\"alignnone wp-image-365\" src=\"https:\/\/transnationalexpresselpaso.com\/wp-content\/uploads\/2021\/02\/click-to-leave-review-300x100.png\" alt=\"\" width=\"130\" height=\"39\" \/><\/a><\/p><p>\u00a0<\/p><p>\u00a0<\/p><\/div>\n\t\t\t\t<\/div>\n\t\t\t\t<\/div>\n\t\t\t\t\t<\/div>\n\t\t<\/div>\n\t\t\t\t\t\t\t<\/div>\n\t\t<\/section>\n\t\t\t\t\t\t<\/div>\n\t\t\t\t\t<\/div>","protected":false},"excerpt":{"rendered":"<p>WHAT WE DO We formulate the perfect FULL TRUCK LOAD reliable operation, with our headquarters in El Paso, TX and bases in Laredo, TX, San Diego, CA and Nashville TN. We specialize in trans-border logistics and freight management while providing seamless door to door service to and from Mexico. For all your transportation needs in &hellip;<\/p>\n<p class=\"read-more\"> <a class=\"\" href=\"https:\/\/transnationalexpresselpaso.com\/es\/\"> <span class=\"screen-reader-text\">INICIO<\/span> Leer m\u00e1s &raquo;<\/a><\/p>","protected":false},"author":3,"featured_media":0,"parent":0,"menu_order":0,"comment_status":"closed","ping_status":"closed","template":"","meta":[],"_links":{"self":[{"href":"https:\/\/transnationalexpresselpaso.com\/es\/wp-json\/wp\/v2\/pages\/5"}],"collection":[{"href":"https:\/\/transnationalexpresselpaso.com\/es\/wp-json\/wp\/v2\/pages"}],"about":[{"href":"https:\/\/transnationalexpresselpaso.com\/es\/wp-json\/wp\/v2\/types\/page"}],"author":[{"embeddable":true,"href":"https:\/\/transnationalexpresselpaso.com\/es\/wp-json\/wp\/v2\/users\/3"}],"replies":[{"embeddable":true,"href":"https:\/\/transnationalexpresselpaso.com\/es\/wp-json\/wp\/v2\/comments?post=5"}],"version-history":[{"count":254,"href":"https:\/\/transnationalexpresselpaso.com\/es\/wp-json\/wp\/v2\/pages\/5\/revisions"}],"predecessor-version":[{"id":1400,"href":"https:\/\/transnationalexpresselpaso.com\/es\/wp-json\/wp\/v2\/pages\/5\/revisions\/1400"}],"wp:attachment":[{"href":"https:\/\/transnationalexpresselpaso.com\/es\/wp-json\/wp\/v2\/media?parent=5"}],"curies":[{"name":"wp","href":"https:\/\/api.w.org\/{rel}","templated":true}]}}