{"id":9,"date":"2021-02-06T07:18:42","date_gmt":"2021-02-06T07:18:42","guid":{"rendered":"https:\/\/transnationalexpresselpaso.com\/?page_id=9"},"modified":"2022-01-22T19:33:01","modified_gmt":"2022-01-22T19:33:01","slug":"services","status":"publish","type":"page","link":"https:\/\/transnationalexpresselpaso.com\/es\/services\/","title":{"rendered":"SERVICIOS"},"content":{"rendered":"<div data-elementor-type=\"wp-page\" data-elementor-id=\"9\" class=\"elementor elementor-9\" data-elementor-settings=\"[]\">\n\t\t\t\t\t\t\t<div class=\"elementor-section-wrap\">\n\t\t\t\t\t\t\t<section class=\"elementor-section elementor-top-section elementor-element elementor-element-29ce6f80 elementor-section-full_width elementor-section-height-default elementor-section-height-default\" data-id=\"29ce6f80\" data-element_type=\"section\" data-settings=\"{&quot;background_background&quot;:&quot;classic&quot;}\">\n\t\t\t\t\t\t<div class=\"elementor-container elementor-column-gap-default\">\n\t\t\t\t\t<div class=\"elementor-column elementor-col-100 elementor-top-column elementor-element elementor-element-e5bda71\" data-id=\"e5bda71\" data-element_type=\"column\">\n\t\t\t<div class=\"elementor-widget-wrap elementor-element-populated\">\n\t\t\t\t\t\t\t\t<div class=\"elementor-element elementor-element-50a0f5f6 elementor-widget elementor-widget-text-editor\" data-id=\"50a0f5f6\" data-element_type=\"widget\" data-widget_type=\"text-editor.default\">\n\t\t\t\t<div class=\"elementor-widget-container\">\n\t\t\t\t\t<div class=\"elementor-text-editor elementor-clearfix\"><h2 style=\"color: #fff;\">SERVICIOS: TRANSPORTE CON EL MEJOR<\/h2><\/div>\n\t\t\t\t<\/div>\n\t\t\t\t<\/div>\n\t\t\t\t\t<\/div>\n\t\t<\/div>\n\t\t\t\t\t\t\t<\/div>\n\t\t<\/section>\n\t\t\t\t<section class=\"elementor-section elementor-top-section elementor-element elementor-element-29caed5 elementor-section-boxed elementor-section-height-default elementor-section-height-default\" data-id=\"29caed5\" data-element_type=\"section\" data-settings=\"{&quot;background_background&quot;:&quot;classic&quot;}\">\n\t\t\t\t\t\t<div class=\"elementor-container elementor-column-gap-default\">\n\t\t\t\t\t<div class=\"elementor-column elementor-col-100 elementor-top-column elementor-element elementor-element-6d732f1\" data-id=\"6d732f1\" data-element_type=\"column\">\n\t\t\t<div class=\"elementor-widget-wrap elementor-element-populated\">\n\t\t\t\t\t\t\t\t<div class=\"elementor-element elementor-element-bfb4ddf elementor-widget elementor-widget-text-editor\" data-id=\"bfb4ddf\" data-element_type=\"widget\" data-widget_type=\"text-editor.default\">\n\t\t\t\t<div class=\"elementor-widget-container\">\n\t\t\t\t\t<div class=\"elementor-text-editor elementor-clearfix\"><h4 style=\"color:#000;\"><strong>OPERANDO EN LOS 48 TERRITORIOS CONTINENTALES DE LOS ESTADOS UNIDOS DE AM\u00c9RICA, ACELERAMOS LOS CRUCES FRONTERIZOS A TRAV\u00c9S DE LAS FRONTERAS INTERNACIONALES M\u00c1S IMPORTANTES; SIEMPRE CUIDANDO LA SEGURIDAD DE SU CARGA Y GESTIONANDO OPERACIONES EN M\u00c9XICO.<\/strong><\/h4><\/div>\n\t\t\t\t<\/div>\n\t\t\t\t<\/div>\n\t\t\t\t\t<\/div>\n\t\t<\/div>\n\t\t\t\t\t\t\t<\/div>\n\t\t<\/section>\n\t\t\t\t<section class=\"elementor-section elementor-top-section elementor-element elementor-element-416d3a8 elementor-section-boxed elementor-section-height-default elementor-section-height-default\" data-id=\"416d3a8\" data-element_type=\"section\" data-settings=\"{&quot;background_background&quot;:&quot;classic&quot;}\">\n\t\t\t\t\t\t<div class=\"elementor-container elementor-column-gap-default\">\n\t\t\t\t\t<div class=\"elementor-column elementor-col-50 elementor-top-column elementor-element elementor-element-1c4228a\" data-id=\"1c4228a\" data-element_type=\"column\">\n\t\t\t<div class=\"elementor-widget-wrap elementor-element-populated\">\n\t\t\t\t\t\t\t\t<div class=\"elementor-element elementor-element-9709764 elementor-widget elementor-widget-text-editor\" data-id=\"9709764\" data-element_type=\"widget\" data-widget_type=\"text-editor.default\">\n\t\t\t\t<div class=\"elementor-widget-container\">\n\t\t\t\t\t<div class=\"elementor-text-editor elementor-clearfix\"><h2 style=\"color:#1a1a1a;\">SOLUCIONES DE TRANSPORTE<\/h2>\n<ul>\n \t<li>Carga de camiones dom\u00e9sticos en los Estados Unidos de Am\u00e9rica. FTL<\/li>\n \t<li>Carga de cami\u00f3n dedicada<\/li>\n \t<li>Servicios expeditados<\/li>\n \t<li>Carga de cami\u00f3n Expeditada<\/li>\n<\/ul><\/div>\n\t\t\t\t<\/div>\n\t\t\t\t<\/div>\n\t\t\t\t\t<\/div>\n\t\t<\/div>\n\t\t\t\t<div class=\"elementor-column elementor-col-50 elementor-top-column elementor-element elementor-element-b8f59fc\" data-id=\"b8f59fc\" data-element_type=\"column\">\n\t\t\t<div class=\"elementor-widget-wrap elementor-element-populated\">\n\t\t\t\t\t\t\t\t<div class=\"elementor-element elementor-element-08c0f9f elementor-widget elementor-widget-text-editor\" data-id=\"08c0f9f\" data-element_type=\"widget\" data-widget_type=\"text-editor.default\">\n\t\t\t\t<div class=\"elementor-widget-container\">\n\t\t\t\t\t<div class=\"elementor-text-editor elementor-clearfix\"><h2 style=\"color: #1a1a1a;\">CRUCE FRONTERIZO<\/h2><div class=\"tsI_txt_wrp\"><div class=\"tsI_txt\"><div class=\"tsI_dsc\"><p>Servicio puerta a puerta sin interrupciones desde y hacia M\u00e9xico.<\/p><\/div><\/div><\/div><\/div>\n\t\t\t\t<\/div>\n\t\t\t\t<\/div>\n\t\t\t\t<div class=\"elementor-element elementor-element-0f93046 elementor-widget elementor-widget-button\" data-id=\"0f93046\" data-element_type=\"widget\" data-widget_type=\"button.default\">\n\t\t\t\t<div class=\"elementor-widget-container\">\n\t\t\t\t\t<div class=\"elementor-button-wrapper\">\n\t\t\t<a href=\"https:\/\/transnationalexpresselpaso.com\/es\/contact-us\/\" class=\"elementor-button-link elementor-button elementor-size-sm\" role=\"button\">\n\t\t\t\t\t\t<span class=\"elementor-button-content-wrapper\">\n\t\t\t\t\t\t<span class=\"elementor-button-text\">CONTACT\u00c9NOS<\/span>\n\t\t<\/span>\n\t\t\t\t\t<\/a>\n\t\t<\/div>\n\t\t\t\t<\/div>\n\t\t\t\t<\/div>\n\t\t\t\t\t<\/div>\n\t\t<\/div>\n\t\t\t\t\t\t\t<\/div>\n\t\t<\/section>\n\t\t\t\t<section class=\"elementor-section elementor-top-section elementor-element elementor-element-a5716fc elementor-section-boxed elementor-section-height-default elementor-section-height-default\" data-id=\"a5716fc\" data-element_type=\"section\" data-settings=\"{&quot;background_background&quot;:&quot;classic&quot;}\">\n\t\t\t\t\t\t<div class=\"elementor-container elementor-column-gap-default\">\n\t\t\t\t\t<div class=\"elementor-column elementor-col-50 elementor-top-column elementor-element elementor-element-1560da9\" data-id=\"1560da9\" data-element_type=\"column\">\n\t\t\t<div class=\"elementor-widget-wrap elementor-element-populated\">\n\t\t\t\t\t\t\t\t<div class=\"elementor-element elementor-element-7b19704 elementor-widget elementor-widget-image\" data-id=\"7b19704\" data-element_type=\"widget\" data-widget_type=\"image.default\">\n\t\t\t\t<div class=\"elementor-widget-container\">\n\t\t\t\t\t<div class=\"elementor-image\">\n\t\t\t\t\t\t\t\t\t\t<img width=\"720\" height=\"405\" src=\"https:\/\/transnationalexpresselpaso.com\/wp-content\/uploads\/2021\/02\/1570218760693_sub3.jpg\" class=\"attachment-large size-large\" alt=\"\" loading=\"lazy\" srcset=\"https:\/\/transnationalexpresselpaso.com\/wp-content\/uploads\/2021\/02\/1570218760693_sub3.jpg 720w, https:\/\/transnationalexpresselpaso.com\/wp-content\/uploads\/2021\/02\/1570218760693_sub3-300x169.jpg 300w\" sizes=\"(max-width: 720px) 100vw, 720px\" \/>\t\t\t\t\t\t\t\t\t\t\t<\/div>\n\t\t\t\t<\/div>\n\t\t\t\t<\/div>\n\t\t\t\t\t<\/div>\n\t\t<\/div>\n\t\t\t\t<div class=\"elementor-column elementor-col-50 elementor-top-column elementor-element elementor-element-e84918b\" data-id=\"e84918b\" data-element_type=\"column\">\n\t\t\t<div class=\"elementor-widget-wrap elementor-element-populated\">\n\t\t\t\t\t\t\t\t<div class=\"elementor-element elementor-element-c457312 elementor-widget elementor-widget-image\" data-id=\"c457312\" data-element_type=\"widget\" data-widget_type=\"image.default\">\n\t\t\t\t<div class=\"elementor-widget-container\">\n\t\t\t\t\t<div class=\"elementor-image\">\n\t\t\t\t\t\t\t\t\t\t<img width=\"1024\" height=\"576\" src=\"https:\/\/transnationalexpresselpaso.com\/wp-content\/uploads\/2021\/02\/IMG_4542-1024x576.jpg\" class=\"attachment-large size-large\" alt=\"\" loading=\"lazy\" srcset=\"https:\/\/transnationalexpresselpaso.com\/wp-content\/uploads\/2021\/02\/IMG_4542-1024x576.jpg 1024w, https:\/\/transnationalexpresselpaso.com\/wp-content\/uploads\/2021\/02\/IMG_4542-300x169.jpg 300w, https:\/\/transnationalexpresselpaso.com\/wp-content\/uploads\/2021\/02\/IMG_4542-768x432.jpg 768w, https:\/\/transnationalexpresselpaso.com\/wp-content\/uploads\/2021\/02\/IMG_4542-1536x864.jpg 1536w, https:\/\/transnationalexpresselpaso.com\/wp-content\/uploads\/2021\/02\/IMG_4542.jpg 1920w\" sizes=\"(max-width: 1024px) 100vw, 1024px\" \/>\t\t\t\t\t\t\t\t\t\t\t<\/div>\n\t\t\t\t<\/div>\n\t\t\t\t<\/div>\n\t\t\t\t\t<\/div>\n\t\t<\/div>\n\t\t\t\t\t\t\t<\/div>\n\t\t<\/section>\n\t\t\t\t<section class=\"elementor-section elementor-top-section elementor-element elementor-element-511f7e0f elementor-section-full_width footer-black elementor-section-height-default elementor-section-height-default\" data-id=\"511f7e0f\" data-element_type=\"section\" data-settings=\"{&quot;background_background&quot;:&quot;classic&quot;}\">\n\t\t\t\t\t\t<div class=\"elementor-container elementor-column-gap-default\">\n\t\t\t\t\t<div class=\"elementor-column elementor-col-33 elementor-top-column elementor-element elementor-element-1cb5f68b\" data-id=\"1cb5f68b\" data-element_type=\"column\">\n\t\t\t<div class=\"elementor-widget-wrap elementor-element-populated\">\n\t\t\t\t\t\t\t\t<div class=\"elementor-element elementor-element-19ea4f48 elementor-widget elementor-widget-wp-widget-nav_menu\" data-id=\"19ea4f48\" data-element_type=\"widget\" data-widget_type=\"wp-widget-nav_menu.default\">\n\t\t\t\t<div class=\"elementor-widget-container\">\n\t\t\t<nav class=\"menu-top-head-menu-container\" aria-label=\"Men\u00fa\"><ul id=\"menu-top-head-menu\" class=\"menu\"><li id=\"menu-item-97\" class=\"menu-item menu-item-type-post_type menu-item-object-page menu-item-home menu-item-97\"><a href=\"https:\/\/transnationalexpresselpaso.com\/es\/\" class=\"menu-link\">INICIO<\/a><\/li>\n<li id=\"menu-item-98\" class=\"menu-item menu-item-type-post_type menu-item-object-page menu-item-98\"><a href=\"https:\/\/transnationalexpresselpaso.com\/es\/about-us\/\" class=\"menu-link\">NOSOTROS<\/a><\/li>\n<li id=\"menu-item-103\" class=\"menu-item menu-item-type-post_type menu-item-object-page menu-item-103\"><a href=\"https:\/\/transnationalexpresselpaso.com\/es\/services\/\" class=\"menu-link\">SERVICIOS<\/a><\/li>\n<li id=\"menu-item-1122\" class=\"menu-item menu-item-type-custom menu-item-object-custom menu-item-1122\"><a href=\"https:\/\/tnue.loadtracking.com\/login\" class=\"menu-link\">PLATAFORMA<\/a><\/li>\n<li id=\"menu-item-1322\" class=\"menu-item menu-item-type-post_type menu-item-object-page menu-item-1322\"><a href=\"https:\/\/transnationalexpresselpaso.com\/es\/recruitment-tne\/\" class=\"menu-link\">CONTRATACI\u00d3N<\/a><\/li>\n<li id=\"menu-item-100\" class=\"menu-item menu-item-type-post_type menu-item-object-page menu-item-100\"><a href=\"https:\/\/transnationalexpresselpaso.com\/es\/contact-us\/\" class=\"menu-link\">CONTACTO<\/a><\/li>\n<li id=\"menu-item-1133\" class=\"trp-language-switcher-container menu-item menu-item-type-post_type menu-item-object-language_switcher menu-item-1133\"><a href=\"https:\/\/transnationalexpresselpaso.com\/wp-json\/wp\/v2\/pages\/9\/\" class=\"menu-link\"><span data-no-translation><img loading=\"lazy\" class=\"trp-flag-image\" src=\"https:\/\/transnationalexpresselpaso.com\/wp-content\/plugins\/translatepress-multilingual\/assets\/images\/flags\/en_US.png\" width=\"18\" height=\"12\" alt=\"en_US\" title=\"English\"><span class=\"trp-ls-language-name\">EN<\/span><\/span><\/a><\/li>\n<li id=\"menu-item-1132\" class=\"trp-language-switcher-container menu-item menu-item-type-post_type menu-item-object-language_switcher menu-item-1132\"><a href=\"https:\/\/transnationalexpresselpaso.com\/es\/wp-json\/wp\/v2\/pages\/9\" class=\"menu-link\"><span data-no-translation><img loading=\"lazy\" class=\"trp-flag-image\" src=\"https:\/\/transnationalexpresselpaso.com\/wp-content\/plugins\/translatepress-multilingual\/assets\/images\/flags\/es_MX.png\" width=\"18\" height=\"12\" alt=\"es_MX\" title=\"Spanish\"><span class=\"trp-ls-language-name\">ES<\/span><\/span><\/a><\/li>\n<\/ul><\/nav>\t\t<\/div>\n\t\t\t\t<\/div>\n\t\t\t\t\t<\/div>\n\t\t<\/div>\n\t\t\t\t<div class=\"elementor-column elementor-col-33 elementor-top-column elementor-element elementor-element-1bae889c\" data-id=\"1bae889c\" data-element_type=\"column\">\n\t\t\t<div class=\"elementor-widget-wrap elementor-element-populated\">\n\t\t\t\t\t\t\t\t<div class=\"elementor-element elementor-element-1ac1a878 elementor-widget elementor-widget-text-editor\" data-id=\"1ac1a878\" data-element_type=\"widget\" data-widget_type=\"text-editor.default\">\n\t\t\t\t<div class=\"elementor-widget-container\">\n\t\t\t\t\t<div class=\"elementor-text-editor elementor-clearfix\"><img loading=\"lazy\" class=\"alignnone wp-image-348\" src=\"https:\/\/transnationalexpresselpaso.com\/wp-content\/uploads\/2021\/02\/logo-trans-300x285.png\" alt=\"\" width=\"82\" height=\"82\" \/>\n<p>12250 Windermere Avenue<br>\nEl Paso, TX 79928\n(915) 595-2955<\/p><\/div>\n\t\t\t\t<\/div>\n\t\t\t\t<\/div>\n\t\t\t\t<div class=\"elementor-element elementor-element-c65bb83 elementor-align-center elementor-widget elementor-widget-button\" data-id=\"c65bb83\" data-element_type=\"widget\" data-widget_type=\"button.default\">\n\t\t\t\t<div class=\"elementor-widget-container\">\n\t\t\t\t\t<div class=\"elementor-button-wrapper\">\n\t\t\t<a href=\"https:\/\/transnationalexpresselpaso.com\/wp-content\/uploads\/2021\/10\/TNE-application.pdf\" target=\"_blank\" class=\"elementor-button-link elementor-button elementor-size-lg\" role=\"button\">\n\t\t\t\t\t\t<span class=\"elementor-button-content-wrapper\">\n\t\t\t\t\t\t<span class=\"elementor-button-icon elementor-align-icon-left\">\n\t\t\t\t<i aria-hidden=\"true\" class=\"far fa-arrow-alt-circle-right\"><\/i>\t\t\t<\/span>\n\t\t\t\t\t\t<span class=\"elementor-button-text\">Click Here To Download Driver Application Forms<\/span>\n\t\t<\/span>\n\t\t\t\t\t<\/a>\n\t\t<\/div>\n\t\t\t\t<\/div>\n\t\t\t\t<\/div>\n\t\t\t\t\t<\/div>\n\t\t<\/div>\n\t\t\t\t<div class=\"elementor-column elementor-col-33 elementor-top-column elementor-element elementor-element-437f5df1\" data-id=\"437f5df1\" data-element_type=\"column\">\n\t\t\t<div class=\"elementor-widget-wrap elementor-element-populated\">\n\t\t\t\t\t\t\t\t<div class=\"elementor-element elementor-element-3e3785a7 elementor-widget elementor-widget-text-editor\" data-id=\"3e3785a7\" data-element_type=\"widget\" data-widget_type=\"text-editor.default\">\n\t\t\t\t<div class=\"elementor-widget-container\">\n\t\t\t\t\t<div class=\"elementor-text-editor elementor-clearfix\"><p><a href=\"https:\/\/www.google.com\/search?q=Trans-National+Express+el+paso&amp;oq=Trans-National+Express+el+paso&amp;aqs=chrome..69i57j0l2j69i60l3.1184j0j4&amp;sourceid=chrome&amp;ie=UTF-8#lrd=0x86e743696aadd247:0x6f0e845ebf7a046e,3\"><img loading=\"lazy\" class=\"alignnone wp-image-365\" src=\"https:\/\/transnationalexpresselpaso.com\/wp-content\/uploads\/2021\/02\/click-to-leave-review-300x100.png\" alt=\"\" width=\"130\" height=\"39\" \/><\/a><\/p><p>Website Powered By<\/p><p><a href=\"https:\/\/themgroupelpaso.com\/\"><img loading=\"lazy\" class=\"alignnone wp-image-366\" src=\"https:\/\/transnationalexpresselpaso.com\/wp-content\/uploads\/2021\/02\/footer-logo-300x127.jpg\" alt=\"\" width=\"113\" height=\"46\" \/><\/a><\/p><\/div>\n\t\t\t\t<\/div>\n\t\t\t\t<\/div>\n\t\t\t\t\t<\/div>\n\t\t<\/div>\n\t\t\t\t\t\t\t<\/div>\n\t\t<\/section>\n\t\t\t\t\t\t<\/div>\n\t\t\t\t\t<\/div>","protected":false},"excerpt":{"rendered":"<p>SERVICES: TRANSPORT WITH THE BEST Operating across the 48 continental United States of America, we expedite border crossings through the most important international borders; always caring for the safety of your cargo and managing operations in Mexico. TRANSPORTATION SOLUTIONS Domestic truck load on the United States of America. FTL Dedicated truck load Expedited services Truckload &hellip;<\/p>\n<p class=\"read-more\"> <a class=\"\" href=\"https:\/\/transnationalexpresselpaso.com\/es\/services\/\"> <span class=\"screen-reader-text\">SERVICIOS<\/span> Leer m\u00e1s &raquo;<\/a><\/p>","protected":false},"author":3,"featured_media":0,"parent":0,"menu_order":0,"comment_status":"closed","ping_status":"closed","template":"","meta":[],"_links":{"self":[{"href":"https:\/\/transnationalexpresselpaso.com\/es\/wp-json\/wp\/v2\/pages\/9"}],"collection":[{"href":"https:\/\/transnationalexpresselpaso.com\/es\/wp-json\/wp\/v2\/pages"}],"about":[{"href":"https:\/\/transnationalexpresselpaso.com\/es\/wp-json\/wp\/v2\/types\/page"}],"author":[{"embeddable":true,"href":"https:\/\/transnationalexpresselpaso.com\/es\/wp-json\/wp\/v2\/users\/3"}],"replies":[{"embeddable":true,"href":"https:\/\/transnationalexpresselpaso.com\/es\/wp-json\/wp\/v2\/comments?post=9"}],"version-history":[{"count":52,"href":"https:\/\/transnationalexpresselpaso.com\/es\/wp-json\/wp\/v2\/pages\/9\/revisions"}],"predecessor-version":[{"id":1375,"href":"https:\/\/transnationalexpresselpaso.com\/es\/wp-json\/wp\/v2\/pages\/9\/revisions\/1375"}],"wp:attachment":[{"href":"https:\/\/transnationalexpresselpaso.com\/es\/wp-json\/wp\/v2\/media?parent=9"}],"curies":[{"name":"wp","href":"https:\/\/api.w.org\/{rel}","templated":true}]}}